{"id":560,"date":"2018-10-17T09:38:29","date_gmt":"2018-10-17T09:38:29","guid":{"rendered":"https:\/\/nbhs.ch\/contact-us-02\/"},"modified":"2022-07-27T08:05:36","modified_gmt":"2022-07-27T08:05:36","slug":"anfragen","status":"publish","type":"page","link":"https:\/\/www.nbhs.ch\/de\/anfragen\/","title":{"rendered":"Anfragen"},"content":{"rendered":"<p>[vc_row lg_spacing=&#8221;padding_top:140&#8243;][vc_column][tm_heading custom_google_font=&#8221;&#8221; text=&#8221;Anfragen&#8221;][tm_spacer size=&#8221;lg:10&#8243;][tm_spacer size=&#8221;lg:10&#8243;][vc_column_text]Sie haben eine Anfrage an die Nachbarschaftshilfe See? F\u00fcllen Sie bitte das Kontaktformular aus, wir bearbeiten Ihr Anliegen so schnell wie M\u00f6glich.<\/p>\n<p>Sie k\u00f6nnen uns auch <a href=\"https:\/\/nbhs.ch\/de\/adresse\/\">telefonisch<\/a> erreichen. Jeweils von Montag bis Freitag, 08.30 Uhr bis 11.30 Uhr nehmen wir Anrufe entgegen. Hinterlassen Sie uns eine Nachricht, wir rufen innerhalb von 24 Stunden zur\u00fcck.[\/vc_column_text][tm_spacer size=&#8221;lg:10&#8243;][tm_spacer size=&#8221;lg:10&#8243;][tm_contact_form_7 id=&#8221;2449&#8243;][tm_spacer size=&#8221;lg:10&#8243;][tm_spacer size=&#8221;lg:10&#8243;][tm_social_networks items=&#8221;%5B%7B%22title%22%3A%22Twitter%22%2C%22link%22%3A%22%23%22%2C%22icon_type%22%3A%22fontawesome5%22%7D%2C%7B%22title%22%3A%22Facebook%22%2C%22link%22%3A%22%23Nachbarschaftshilfe%20See%22%2C%22icon_type%22%3A%22fontawesome5%22%7D%2C%7B%22title%22%3A%22Vimeo%22%2C%22link%22%3A%22%23%22%2C%22icon_type%22%3A%22fontawesome5%22%7D%2C%7B%22title%22%3A%22Linkedin%22%2C%22link%22%3A%22%23%22%2C%22icon_type%22%3A%22fontawesome5%22%7D%2C%7B%22title%22%3A%22Skype%22%2C%22link%22%3A%22%23%22%2C%22icon_type%22%3A%22fontawesome5%22%7D%5D&#8221;][\/vc_column][\/vc_row]<\/p>\n","protected":false},"excerpt":{"rendered":"<p>[vc_row lg_spacing=&#8221;padding_top:140&#8243;][vc_column][tm_heading custom_google_font=&#8221;&#8221; text=&#8221;Anfragen&#8221;][tm_spacer size=&#8221;lg:10&#8243;][tm_spacer size=&#8221;lg:10&#8243;][vc_column_text]Sie haben eine Anfrage an die Nachbarschaftshilfe See? F\u00fcllen Sie bitte das Kontaktformular aus, wir bearbeiten Ihr Anliegen so schnell wie M\u00f6glich. Sie k\u00f6nnen uns auch telefonisch erreichen. Jeweils von Montag bis Freitag, 08.30 Uhr bis 11.30 Uhr nehmen wir Anrufe entgegen. Hinterlassen Sie uns eine Nachricht, wir rufen innerhalb von 24 Stunden zur\u00fcck.[\/vc_column_text][tm_spacer size=&#8221;lg:10&#8243;][tm_spacer size=&#8221;lg:10&#8243;][tm_contact_form_7 id=&#8221;2449&#8243;][tm_spacer size=&#8221;lg:10&#8243;][tm_spacer size=&#8221;lg:10&#8243;][tm_social_networks items=&#8221;%5B%7B%22title%22%3A%22Twitter%22%2C%22link%22%3A%22%23%22%2C%22icon_type%22%3A%22fontawesome5%22%7D%2C%7B%22title%22%3A%22Facebook%22%2C%22link%22%3A%22%23Nachbarschaftshilfe%20See%22%2C%22icon_type%22%3A%22fontawesome5%22%7D%2C%7B%22title%22%3A%22Vimeo%22%2C%22link%22%3A%22%23%22%2C%22icon_type%22%3A%22fontawesome5%22%7D%2C%7B%22title%22%3A%22Linkedin%22%2C%22link%22%3A%22%23%22%2C%22icon_type%22%3A%22fontawesome5%22%7D%2C%7B%22title%22%3A%22Skype%22%2C%22link%22%3A%22%23%22%2C%22icon_type%22%3A%22fontawesome5%22%7D%5D&#8221;][\/vc_column][\/vc_row]<\/p>\n","protected":false},"author":1,"featured_media":0,"parent":0,"menu_order":0,"comment_status":"closed","ping_status":"closed","template":"","meta":{"footnotes":""},"class_list":["post-560","page","type-page","status-publish","hentry"],"acf":[],"yoast_head":"<!-- This site is optimized with the Yoast SEO plugin v20.4 - https:\/\/yoast.com\/wordpress\/plugins\/seo\/ -->\n<title>Anfragen - Nachbarschaftshilfe See<\/title>\n<meta name=\"robots\" content=\"index, follow, max-snippet:-1, max-image-preview:large, max-video-preview:-1\" \/>\n<link rel=\"canonical\" href=\"https:\/\/www.nbhs.ch\/de\/anfragen\/\" \/>\n<meta property=\"og:locale\" content=\"de_DE\" \/>\n<meta property=\"og:type\" content=\"article\" \/>\n<meta property=\"og:title\" content=\"Anfragen - Nachbarschaftshilfe See\" \/>\n<meta property=\"og:description\" content=\"[vc_row lg_spacing=&#8221;padding_top:140&#8243;][vc_column][tm_heading custom_google_font=&#8221;&#8221; text=&#8221;Anfragen&#8221;][tm_spacer size=&#8221;lg:10&#8243;][tm_spacer size=&#8221;lg:10&#8243;][vc_column_text]Sie haben eine Anfrage an die Nachbarschaftshilfe See? F\u00fcllen Sie bitte das Kontaktformular aus, wir bearbeiten Ihr Anliegen so schnell wie M\u00f6glich. Sie k\u00f6nnen uns auch telefonisch erreichen. Jeweils von Montag bis Freitag, 08.30 Uhr bis 11.30 Uhr nehmen wir Anrufe entgegen. Hinterlassen Sie uns eine Nachricht, wir rufen innerhalb von 24 Stunden zur\u00fcck.[\/vc_column_text][tm_spacer size=&#8221;lg:10&#8243;][tm_spacer size=&#8221;lg:10&#8243;][tm_contact_form_7 id=&#8221;2449&#8243;][tm_spacer size=&#8221;lg:10&#8243;][tm_spacer size=&#8221;lg:10&#8243;][tm_social_networks items=&#8221;%5B%7B%22title%22%3A%22Twitter%22%2C%22link%22%3A%22%23%22%2C%22icon_type%22%3A%22fontawesome5%22%7D%2C%7B%22title%22%3A%22Facebook%22%2C%22link%22%3A%22%23Nachbarschaftshilfe%20See%22%2C%22icon_type%22%3A%22fontawesome5%22%7D%2C%7B%22title%22%3A%22Vimeo%22%2C%22link%22%3A%22%23%22%2C%22icon_type%22%3A%22fontawesome5%22%7D%2C%7B%22title%22%3A%22Linkedin%22%2C%22link%22%3A%22%23%22%2C%22icon_type%22%3A%22fontawesome5%22%7D%2C%7B%22title%22%3A%22Skype%22%2C%22link%22%3A%22%23%22%2C%22icon_type%22%3A%22fontawesome5%22%7D%5D&#8221;][\/vc_column][\/vc_row]\" \/>\n<meta property=\"og:url\" content=\"https:\/\/www.nbhs.ch\/de\/anfragen\/\" \/>\n<meta property=\"og:site_name\" content=\"Nachbarschaftshilfe See\" \/>\n<meta property=\"article:modified_time\" content=\"2022-07-27T08:05:36+00:00\" \/>\n<meta name=\"twitter:card\" content=\"summary_large_image\" \/>\n<meta name=\"twitter:label1\" content=\"Gesch\u00e4tzte Lesezeit\" \/>\n\t<meta name=\"twitter:data1\" content=\"1\u00a0Minute\" \/>\n<script type=\"application\/ld+json\" class=\"yoast-schema-graph\">{\"@context\":\"https:\/\/schema.org\",\"@graph\":[{\"@type\":\"WebPage\",\"@id\":\"https:\/\/www.nbhs.ch\/de\/anfragen\/\",\"url\":\"https:\/\/www.nbhs.ch\/de\/anfragen\/\",\"name\":\"Anfragen - Nachbarschaftshilfe See\",\"isPartOf\":{\"@id\":\"https:\/\/www.nbhs.ch\/de\/#website\"},\"datePublished\":\"2018-10-17T09:38:29+00:00\",\"dateModified\":\"2022-07-27T08:05:36+00:00\",\"breadcrumb\":{\"@id\":\"https:\/\/www.nbhs.ch\/de\/anfragen\/#breadcrumb\"},\"inLanguage\":\"de\",\"potentialAction\":[{\"@type\":\"ReadAction\",\"target\":[\"https:\/\/www.nbhs.ch\/de\/anfragen\/\"]}]},{\"@type\":\"BreadcrumbList\",\"@id\":\"https:\/\/www.nbhs.ch\/de\/anfragen\/#breadcrumb\",\"itemListElement\":[{\"@type\":\"ListItem\",\"position\":1,\"name\":\"Startseite\",\"item\":\"https:\/\/www.nbhs.ch\/de\/\"},{\"@type\":\"ListItem\",\"position\":2,\"name\":\"Anfragen\"}]},{\"@type\":\"WebSite\",\"@id\":\"https:\/\/www.nbhs.ch\/de\/#website\",\"url\":\"https:\/\/www.nbhs.ch\/de\/\",\"name\":\"Nachbarschaftshilfe See\",\"description\":\"Dein Engagement z\u00e4hlt\",\"potentialAction\":[{\"@type\":\"SearchAction\",\"target\":{\"@type\":\"EntryPoint\",\"urlTemplate\":\"https:\/\/www.nbhs.ch\/de\/?s={search_term_string}\"},\"query-input\":\"required name=search_term_string\"}],\"inLanguage\":\"de\"}]}<\/script>\n<!-- \/ Yoast SEO plugin. -->","yoast_head_json":{"title":"Anfragen - Nachbarschaftshilfe See","robots":{"index":"index","follow":"follow","max-snippet":"max-snippet:-1","max-image-preview":"max-image-preview:large","max-video-preview":"max-video-preview:-1"},"canonical":"https:\/\/www.nbhs.ch\/de\/anfragen\/","og_locale":"de_DE","og_type":"article","og_title":"Anfragen - Nachbarschaftshilfe See","og_description":"[vc_row lg_spacing=&#8221;padding_top:140&#8243;][vc_column][tm_heading custom_google_font=&#8221;&#8221; text=&#8221;Anfragen&#8221;][tm_spacer size=&#8221;lg:10&#8243;][tm_spacer size=&#8221;lg:10&#8243;][vc_column_text]Sie haben eine Anfrage an die Nachbarschaftshilfe See? F\u00fcllen Sie bitte das Kontaktformular aus, wir bearbeiten Ihr Anliegen so schnell wie M\u00f6glich. Sie k\u00f6nnen uns auch telefonisch erreichen. Jeweils von Montag bis Freitag, 08.30 Uhr bis 11.30 Uhr nehmen wir Anrufe entgegen. Hinterlassen Sie uns eine Nachricht, wir rufen innerhalb von 24 Stunden zur\u00fcck.[\/vc_column_text][tm_spacer size=&#8221;lg:10&#8243;][tm_spacer size=&#8221;lg:10&#8243;][tm_contact_form_7 id=&#8221;2449&#8243;][tm_spacer size=&#8221;lg:10&#8243;][tm_spacer size=&#8221;lg:10&#8243;][tm_social_networks items=&#8221;%5B%7B%22title%22%3A%22Twitter%22%2C%22link%22%3A%22%23%22%2C%22icon_type%22%3A%22fontawesome5%22%7D%2C%7B%22title%22%3A%22Facebook%22%2C%22link%22%3A%22%23Nachbarschaftshilfe%20See%22%2C%22icon_type%22%3A%22fontawesome5%22%7D%2C%7B%22title%22%3A%22Vimeo%22%2C%22link%22%3A%22%23%22%2C%22icon_type%22%3A%22fontawesome5%22%7D%2C%7B%22title%22%3A%22Linkedin%22%2C%22link%22%3A%22%23%22%2C%22icon_type%22%3A%22fontawesome5%22%7D%2C%7B%22title%22%3A%22Skype%22%2C%22link%22%3A%22%23%22%2C%22icon_type%22%3A%22fontawesome5%22%7D%5D&#8221;][\/vc_column][\/vc_row]","og_url":"https:\/\/www.nbhs.ch\/de\/anfragen\/","og_site_name":"Nachbarschaftshilfe See","article_modified_time":"2022-07-27T08:05:36+00:00","twitter_card":"summary_large_image","twitter_misc":{"Gesch\u00e4tzte Lesezeit":"1\u00a0Minute"},"schema":{"@context":"https:\/\/schema.org","@graph":[{"@type":"WebPage","@id":"https:\/\/www.nbhs.ch\/de\/anfragen\/","url":"https:\/\/www.nbhs.ch\/de\/anfragen\/","name":"Anfragen - Nachbarschaftshilfe See","isPartOf":{"@id":"https:\/\/www.nbhs.ch\/de\/#website"},"datePublished":"2018-10-17T09:38:29+00:00","dateModified":"2022-07-27T08:05:36+00:00","breadcrumb":{"@id":"https:\/\/www.nbhs.ch\/de\/anfragen\/#breadcrumb"},"inLanguage":"de","potentialAction":[{"@type":"ReadAction","target":["https:\/\/www.nbhs.ch\/de\/anfragen\/"]}]},{"@type":"BreadcrumbList","@id":"https:\/\/www.nbhs.ch\/de\/anfragen\/#breadcrumb","itemListElement":[{"@type":"ListItem","position":1,"name":"Startseite","item":"https:\/\/www.nbhs.ch\/de\/"},{"@type":"ListItem","position":2,"name":"Anfragen"}]},{"@type":"WebSite","@id":"https:\/\/www.nbhs.ch\/de\/#website","url":"https:\/\/www.nbhs.ch\/de\/","name":"Nachbarschaftshilfe See","description":"Dein Engagement z\u00e4hlt","potentialAction":[{"@type":"SearchAction","target":{"@type":"EntryPoint","urlTemplate":"https:\/\/www.nbhs.ch\/de\/?s={search_term_string}"},"query-input":"required name=search_term_string"}],"inLanguage":"de"}]}},"_links":{"self":[{"href":"https:\/\/www.nbhs.ch\/de\/wp-json\/wp\/v2\/pages\/560\/"}],"collection":[{"href":"https:\/\/www.nbhs.ch\/de\/wp-json\/wp\/v2\/pages\/"}],"about":[{"href":"https:\/\/www.nbhs.ch\/de\/wp-json\/wp\/v2\/types\/page\/"}],"author":[{"embeddable":true,"href":"https:\/\/www.nbhs.ch\/de\/wp-json\/wp\/v2\/users\/1\/"}],"replies":[{"embeddable":true,"href":"https:\/\/www.nbhs.ch\/de\/wp-json\/wp\/v2\/comments\/?post=560"}],"version-history":[{"count":19,"href":"https:\/\/www.nbhs.ch\/de\/wp-json\/wp\/v2\/pages\/560\/revisions\/"}],"predecessor-version":[{"id":3392,"href":"https:\/\/www.nbhs.ch\/de\/wp-json\/wp\/v2\/pages\/560\/revisions\/3392\/"}],"wp:attachment":[{"href":"https:\/\/www.nbhs.ch\/de\/wp-json\/wp\/v2\/media\/?parent=560"}],"curies":[{"name":"wp","href":"https:\/\/api.w.org\/{rel}","templated":true}]}}