{"id":2227,"date":"2019-03-13T11:23:44","date_gmt":"2019-03-13T11:23:44","guid":{"rendered":"https:\/\/nbhs.ch\/?page_id=2227"},"modified":"2025-02-03T10:20:26","modified_gmt":"2025-02-03T10:20:26","slug":"team","status":"publish","type":"page","link":"https:\/\/www.nbhs.ch\/de\/team\/","title":{"rendered":"Team"},"content":{"rendered":"<p>[vc_row full_width=&#8221;stretch_row&#8221; background_color=&#8221;custom&#8221; lg_spacing=&#8221;padding_top:140&#8243; custom_background_color=&#8221;#f7f7f7&#8243;][vc_column][vc_column_text]<\/p>\n<h2>Team Nachbarschaftshilfe See<\/h2>\n<p>[\/vc_column_text][\/vc_column][\/vc_row][vc_row full_width=&#8221;stretch_row&#8221; background_color=&#8221;custom&#8221; lg_spacing=&#8221;padding_bottom:50&#8243; custom_background_color=&#8221;#f7f7f7&#8243;][vc_column width=&#8221;1\/2&#8243;][tm_spacer size=&#8221;lg:30&#8243;][tm_gallery image_size=&#8221;full&#8221; gutter=&#8221;17&#8243; row_gutter=&#8221;30&#8243; images=&#8221;3814&#8243; columns=&#8221;xs:1;sm:1;lg:1&#8243;][tm_spacer size=&#8221;lg:30&#8243;][vc_column_text]<\/p>\n<h5><strong>Gesch\u00e4ftsf\u00fchrung<\/strong> NBHS<\/h5>\n<p>Ursula Giger: <a href=\"mailto:info@nbhs.ch\">info@nbhs.ch<\/a><\/p>\n<h5>Stellvertretung Koordination NBHS<\/h5>\n<p>Gemeindeverwaltung G\u00fcttingen: 077 524 76 89[\/vc_column_text][\/vc_column][vc_column width=&#8221;1\/2&#8243;][tm_spacer size=&#8221;lg:30&#8243;][tm_gallery image_size=&#8221;custom&#8221; gutter=&#8221;17&#8243; row_gutter=&#8221;30&#8243; images=&#8221;3753&#8243; columns=&#8221;xs:1;sm:1;lg:1&#8243;][tm_spacer size=&#8221;lg:30&#8243;][vc_column_text]<\/p>\n<h5>Vereinsorganisation<\/h5>\n<p>Pr\u00e4sidium: Natalie Dietsche, Altnau<br \/>\nKassiererin: Daniela Willner, Lengwil<br \/>\nAktuarin: Marion Sontheim, Bottighofen<br \/>\nBeisitz: Andrea Epper, M\u00fcnsterlingen<br \/>\nBeisitz: Theo Fritschi, G\u00fcttingen<br \/>\nBeisitz: Sarah Huber, Langrickenbach<\/p>\n<p>&nbsp;<\/p>\n<p>&nbsp;<\/p>\n<p>&nbsp;[\/vc_column_text][\/vc_column][vc_column][\/vc_column][\/vc_row]<\/p>\n","protected":false},"excerpt":{"rendered":"<p>[vc_row full_width=&#8221;stretch_row&#8221; background_color=&#8221;custom&#8221; lg_spacing=&#8221;padding_top:140&#8243; custom_background_color=&#8221;#f7f7f7&#8243;][vc_column][vc_column_text] Team Nachbarschaftshilfe See [\/vc_column_text][\/vc_column][\/vc_row][vc_row full_width=&#8221;stretch_row&#8221; background_color=&#8221;custom&#8221; lg_spacing=&#8221;padding_bottom:50&#8243; custom_background_color=&#8221;#f7f7f7&#8243;][vc_column width=&#8221;1\/2&#8243;][tm_spacer size=&#8221;lg:30&#8243;][tm_gallery image_size=&#8221;full&#8221; gutter=&#8221;17&#8243; row_gutter=&#8221;30&#8243; images=&#8221;3814&#8243; columns=&#8221;xs:1;sm:1;lg:1&#8243;][tm_spacer size=&#8221;lg:30&#8243;][vc_column_text] Gesch\u00e4ftsf\u00fchrung NBHS Ursula Giger: info@nbhs.ch Stellvertretung Koordination NBHS Gemeindeverwaltung G\u00fcttingen: 077 524 76 89[\/vc_column_text][\/vc_column][vc_column width=&#8221;1\/2&#8243;][tm_spacer size=&#8221;lg:30&#8243;][tm_gallery image_size=&#8221;custom&#8221; gutter=&#8221;17&#8243; row_gutter=&#8221;30&#8243; images=&#8221;3753&#8243; columns=&#8221;xs:1;sm:1;lg:1&#8243;][tm_spacer size=&#8221;lg:30&#8243;][vc_column_text] Vereinsorganisation Pr\u00e4sidium: Natalie Dietsche, Altnau Kassiererin: Daniela Willner, Lengwil Aktuarin: Marion Sontheim, Bottighofen Beisitz: Andrea Epper, M\u00fcnsterlingen Beisitz: Theo Fritschi, G\u00fcttingen Beisitz: Sarah Huber, Langrickenbach &nbsp; &nbsp; &nbsp;[\/vc_column_text][\/vc_column][vc_column][\/vc_column][\/vc_row]<\/p>\n","protected":false},"author":1,"featured_media":0,"parent":0,"menu_order":0,"comment_status":"closed","ping_status":"closed","template":"","meta":{"footnotes":""},"class_list":["post-2227","page","type-page","status-publish","hentry"],"acf":[],"yoast_head":"<!-- This site is optimized with the Yoast SEO plugin v20.4 - https:\/\/yoast.com\/wordpress\/plugins\/seo\/ -->\n<title>Team - Nachbarschaftshilfe See<\/title>\n<meta name=\"robots\" content=\"index, follow, max-snippet:-1, max-image-preview:large, max-video-preview:-1\" \/>\n<link rel=\"canonical\" href=\"https:\/\/www.nbhs.ch\/de\/team\/\" \/>\n<meta property=\"og:locale\" content=\"de_DE\" \/>\n<meta property=\"og:type\" content=\"article\" \/>\n<meta property=\"og:title\" content=\"Team - Nachbarschaftshilfe See\" \/>\n<meta property=\"og:description\" content=\"[vc_row full_width=&#8221;stretch_row&#8221; background_color=&#8221;custom&#8221; lg_spacing=&#8221;padding_top:140&#8243; custom_background_color=&#8221;#f7f7f7&#8243;][vc_column][vc_column_text] Team Nachbarschaftshilfe See [\/vc_column_text][\/vc_column][\/vc_row][vc_row full_width=&#8221;stretch_row&#8221; background_color=&#8221;custom&#8221; lg_spacing=&#8221;padding_bottom:50&#8243; custom_background_color=&#8221;#f7f7f7&#8243;][vc_column width=&#8221;1\/2&#8243;][tm_spacer size=&#8221;lg:30&#8243;][tm_gallery image_size=&#8221;full&#8221; gutter=&#8221;17&#8243; row_gutter=&#8221;30&#8243; images=&#8221;3814&#8243; columns=&#8221;xs:1;sm:1;lg:1&#8243;][tm_spacer size=&#8221;lg:30&#8243;][vc_column_text] Gesch\u00e4ftsf\u00fchrung NBHS Ursula Giger: info@nbhs.ch Stellvertretung Koordination NBHS Gemeindeverwaltung G\u00fcttingen: 077 524 76 89[\/vc_column_text][\/vc_column][vc_column width=&#8221;1\/2&#8243;][tm_spacer size=&#8221;lg:30&#8243;][tm_gallery image_size=&#8221;custom&#8221; gutter=&#8221;17&#8243; row_gutter=&#8221;30&#8243; images=&#8221;3753&#8243; columns=&#8221;xs:1;sm:1;lg:1&#8243;][tm_spacer size=&#8221;lg:30&#8243;][vc_column_text] Vereinsorganisation Pr\u00e4sidium: Natalie Dietsche, Altnau Kassiererin: Daniela Willner, Lengwil Aktuarin: Marion Sontheim, Bottighofen Beisitz: Andrea Epper, M\u00fcnsterlingen Beisitz: Theo Fritschi, G\u00fcttingen Beisitz: Sarah Huber, Langrickenbach &nbsp; &nbsp; &nbsp;[\/vc_column_text][\/vc_column][vc_column][\/vc_column][\/vc_row]\" \/>\n<meta property=\"og:url\" content=\"https:\/\/www.nbhs.ch\/de\/team\/\" \/>\n<meta property=\"og:site_name\" content=\"Nachbarschaftshilfe See\" \/>\n<meta property=\"article:modified_time\" content=\"2025-02-03T10:20:26+00:00\" \/>\n<meta name=\"twitter:card\" content=\"summary_large_image\" \/>\n<meta name=\"twitter:label1\" content=\"Gesch\u00e4tzte Lesezeit\" \/>\n\t<meta name=\"twitter:data1\" content=\"1\u00a0Minute\" \/>\n<script type=\"application\/ld+json\" class=\"yoast-schema-graph\">{\"@context\":\"https:\/\/schema.org\",\"@graph\":[{\"@type\":\"WebPage\",\"@id\":\"https:\/\/www.nbhs.ch\/de\/team\/\",\"url\":\"https:\/\/www.nbhs.ch\/de\/team\/\",\"name\":\"Team - Nachbarschaftshilfe See\",\"isPartOf\":{\"@id\":\"https:\/\/www.nbhs.ch\/de\/#website\"},\"datePublished\":\"2019-03-13T11:23:44+00:00\",\"dateModified\":\"2025-02-03T10:20:26+00:00\",\"breadcrumb\":{\"@id\":\"https:\/\/www.nbhs.ch\/de\/team\/#breadcrumb\"},\"inLanguage\":\"de\",\"potentialAction\":[{\"@type\":\"ReadAction\",\"target\":[\"https:\/\/www.nbhs.ch\/de\/team\/\"]}]},{\"@type\":\"BreadcrumbList\",\"@id\":\"https:\/\/www.nbhs.ch\/de\/team\/#breadcrumb\",\"itemListElement\":[{\"@type\":\"ListItem\",\"position\":1,\"name\":\"Startseite\",\"item\":\"https:\/\/www.nbhs.ch\/de\/\"},{\"@type\":\"ListItem\",\"position\":2,\"name\":\"Team\"}]},{\"@type\":\"WebSite\",\"@id\":\"https:\/\/www.nbhs.ch\/de\/#website\",\"url\":\"https:\/\/www.nbhs.ch\/de\/\",\"name\":\"Nachbarschaftshilfe See\",\"description\":\"Dein Engagement z\u00e4hlt\",\"potentialAction\":[{\"@type\":\"SearchAction\",\"target\":{\"@type\":\"EntryPoint\",\"urlTemplate\":\"https:\/\/www.nbhs.ch\/de\/?s={search_term_string}\"},\"query-input\":\"required name=search_term_string\"}],\"inLanguage\":\"de\"}]}<\/script>\n<!-- \/ Yoast SEO plugin. -->","yoast_head_json":{"title":"Team - Nachbarschaftshilfe See","robots":{"index":"index","follow":"follow","max-snippet":"max-snippet:-1","max-image-preview":"max-image-preview:large","max-video-preview":"max-video-preview:-1"},"canonical":"https:\/\/www.nbhs.ch\/de\/team\/","og_locale":"de_DE","og_type":"article","og_title":"Team - Nachbarschaftshilfe See","og_description":"[vc_row full_width=&#8221;stretch_row&#8221; background_color=&#8221;custom&#8221; lg_spacing=&#8221;padding_top:140&#8243; custom_background_color=&#8221;#f7f7f7&#8243;][vc_column][vc_column_text] Team Nachbarschaftshilfe See [\/vc_column_text][\/vc_column][\/vc_row][vc_row full_width=&#8221;stretch_row&#8221; background_color=&#8221;custom&#8221; lg_spacing=&#8221;padding_bottom:50&#8243; custom_background_color=&#8221;#f7f7f7&#8243;][vc_column width=&#8221;1\/2&#8243;][tm_spacer size=&#8221;lg:30&#8243;][tm_gallery image_size=&#8221;full&#8221; gutter=&#8221;17&#8243; row_gutter=&#8221;30&#8243; images=&#8221;3814&#8243; columns=&#8221;xs:1;sm:1;lg:1&#8243;][tm_spacer size=&#8221;lg:30&#8243;][vc_column_text] Gesch\u00e4ftsf\u00fchrung NBHS Ursula Giger: info@nbhs.ch Stellvertretung Koordination NBHS Gemeindeverwaltung G\u00fcttingen: 077 524 76 89[\/vc_column_text][\/vc_column][vc_column width=&#8221;1\/2&#8243;][tm_spacer size=&#8221;lg:30&#8243;][tm_gallery image_size=&#8221;custom&#8221; gutter=&#8221;17&#8243; row_gutter=&#8221;30&#8243; images=&#8221;3753&#8243; columns=&#8221;xs:1;sm:1;lg:1&#8243;][tm_spacer size=&#8221;lg:30&#8243;][vc_column_text] Vereinsorganisation Pr\u00e4sidium: Natalie Dietsche, Altnau Kassiererin: Daniela Willner, Lengwil Aktuarin: Marion Sontheim, Bottighofen Beisitz: Andrea Epper, M\u00fcnsterlingen Beisitz: Theo Fritschi, G\u00fcttingen Beisitz: Sarah Huber, Langrickenbach &nbsp; &nbsp; &nbsp;[\/vc_column_text][\/vc_column][vc_column][\/vc_column][\/vc_row]","og_url":"https:\/\/www.nbhs.ch\/de\/team\/","og_site_name":"Nachbarschaftshilfe See","article_modified_time":"2025-02-03T10:20:26+00:00","twitter_card":"summary_large_image","twitter_misc":{"Gesch\u00e4tzte Lesezeit":"1\u00a0Minute"},"schema":{"@context":"https:\/\/schema.org","@graph":[{"@type":"WebPage","@id":"https:\/\/www.nbhs.ch\/de\/team\/","url":"https:\/\/www.nbhs.ch\/de\/team\/","name":"Team - Nachbarschaftshilfe See","isPartOf":{"@id":"https:\/\/www.nbhs.ch\/de\/#website"},"datePublished":"2019-03-13T11:23:44+00:00","dateModified":"2025-02-03T10:20:26+00:00","breadcrumb":{"@id":"https:\/\/www.nbhs.ch\/de\/team\/#breadcrumb"},"inLanguage":"de","potentialAction":[{"@type":"ReadAction","target":["https:\/\/www.nbhs.ch\/de\/team\/"]}]},{"@type":"BreadcrumbList","@id":"https:\/\/www.nbhs.ch\/de\/team\/#breadcrumb","itemListElement":[{"@type":"ListItem","position":1,"name":"Startseite","item":"https:\/\/www.nbhs.ch\/de\/"},{"@type":"ListItem","position":2,"name":"Team"}]},{"@type":"WebSite","@id":"https:\/\/www.nbhs.ch\/de\/#website","url":"https:\/\/www.nbhs.ch\/de\/","name":"Nachbarschaftshilfe See","description":"Dein Engagement z\u00e4hlt","potentialAction":[{"@type":"SearchAction","target":{"@type":"EntryPoint","urlTemplate":"https:\/\/www.nbhs.ch\/de\/?s={search_term_string}"},"query-input":"required name=search_term_string"}],"inLanguage":"de"}]}},"_links":{"self":[{"href":"https:\/\/www.nbhs.ch\/de\/wp-json\/wp\/v2\/pages\/2227\/"}],"collection":[{"href":"https:\/\/www.nbhs.ch\/de\/wp-json\/wp\/v2\/pages\/"}],"about":[{"href":"https:\/\/www.nbhs.ch\/de\/wp-json\/wp\/v2\/types\/page\/"}],"author":[{"embeddable":true,"href":"https:\/\/www.nbhs.ch\/de\/wp-json\/wp\/v2\/users\/1\/"}],"replies":[{"embeddable":true,"href":"https:\/\/www.nbhs.ch\/de\/wp-json\/wp\/v2\/comments\/?post=2227"}],"version-history":[{"count":31,"href":"https:\/\/www.nbhs.ch\/de\/wp-json\/wp\/v2\/pages\/2227\/revisions\/"}],"predecessor-version":[{"id":3954,"href":"https:\/\/www.nbhs.ch\/de\/wp-json\/wp\/v2\/pages\/2227\/revisions\/3954\/"}],"wp:attachment":[{"href":"https:\/\/www.nbhs.ch\/de\/wp-json\/wp\/v2\/media\/?parent=2227"}],"curies":[{"name":"wp","href":"https:\/\/api.w.org\/{rel}","templated":true}]}}