{"id":2181,"date":"2019-03-13T09:43:31","date_gmt":"2019-03-13T09:43:31","guid":{"rendered":"https:\/\/nbhs.ch\/?page_id=2181"},"modified":"2022-07-29T07:27:55","modified_gmt":"2022-07-29T07:27:55","slug":"entschaedigungskonzept","status":"publish","type":"page","link":"https:\/\/www.nbhs.ch\/de\/entschaedigungskonzept\/","title":{"rendered":"Entsch\u00e4digungskonzept"},"content":{"rendered":"<p>[vc_row full_width=&#8221;stretch_row&#8221; background_color=&#8221;custom&#8221; custom_background_color=&#8221;#f7f7f7&#8243; gutter=&#8221;xs:30;sm:50;md:80;lg:100&#8243; lg_spacing=&#8221;padding_top:140&#8243;][vc_column][tm_heading custom_google_font=&#8221;&#8221; google_fonts=&#8221;font_family:Open%20Sans%3A300%2C300italic%2Cregular%2Citalic%2C600%2C600italic%2C700%2C700italic%2C800%2C800italic|font_style:300%20light%20regular%3A300%3Anormal&#8221; text=&#8221;Entsch\u00e4digungskonzept&#8221; max_width=&#8221;470px&#8221;][tm_spacer size=&#8221;lg:30&#8243;][tm_heading tag=&#8221;div&#8221; custom_google_font=&#8221;&#8221; text=&#8221;Mitglieder NBHS profitieren von unserem Entsch\u00e4digungskonzept, wenn sie Freiwilligenarbeit geleistet haben.&#8221; font_size=&#8221;lg:18&#8243;][tm_spacer size=&#8221;lg:30&#8243;][vc_row_inner][vc_column_inner width=&#8221;1\/3&#8243;][tm_heading custom_google_font=&#8221;&#8221; google_fonts=&#8221;font_family:Open%20Sans%3A300%2C300italic%2Cregular%2Citalic%2C600%2C600italic%2C700%2C700italic%2C800%2C800italic|font_style:300%20light%20regular%3A300%3Anormal&#8221; text=&#8221;T\u00e4tigkeitsnachweis&#8221; max_width=&#8221;470px&#8221;][\/vc_column_inner][vc_column_inner width=&#8221;2\/3&#8243;][vc_column_text]Der T\u00e4tigkeitsnachweis ist eine Form der Anerkennung und bescheinigt die Freiwilligenarbeit. Er wird auf verlangen dokumentiert.[\/vc_column_text][\/vc_column_inner][\/vc_row_inner][tm_spacer size=&#8221;lg:20&#8243;][vc_row_inner][vc_column_inner width=&#8221;1\/3&#8243;][tm_heading custom_google_font=&#8221;&#8221; google_fonts=&#8221;font_family:Open%20Sans%3A300%2C300italic%2Cregular%2Citalic%2C600%2C600italic%2C700%2C700italic%2C800%2C800italic|font_style:300%20light%20regular%3A300%3Anormal&#8221; text=&#8221;Dossier <i>freiwillig Engagiert<\/i>&#8221; max_width=&#8221;470px&#8221;][\/vc_column_inner][vc_column_inner width=&#8221;2\/3&#8243;][vc_column_text]Das gesamte Dossier ist eine Umschlagmappe mit drei Inhaltsbl\u00e4ttern.<\/p>\n<ol>\n<li>Nachweis f\u00fcr freiwilliges und ehrenamtliches Engagement<\/li>\n<li>\u00dcbersicht geleistete Freiwilligeneins\u00e4tze<\/li>\n<li>\u00dcbersicht Weiterbildungen, Kurse. Die Umschlagmappe dient zur Aufbewahrung und stellt mit ihrer repr\u00e4sentativen Form eine Anerkennung dar. Das Dossier FREIWILLIG ENGAGIERT ist eine Form der Anerkennung und bescheinigt die Freiwilligenarbeit. Dieses wird auf verlangen dokumentiert.<\/li>\n<\/ol>\n<p>[\/vc_column_text][\/vc_column_inner][\/vc_row_inner][tm_spacer size=&#8221;lg:20&#8243;][vc_row_inner][vc_column_inner width=&#8221;1\/3&#8243;][tm_heading custom_google_font=&#8221;&#8221; google_fonts=&#8221;font_family:Open%20Sans%3A300%2C300italic%2Cregular%2Citalic%2C600%2C600italic%2C700%2C700italic%2C800%2C800italic|font_style:300%20light%20regular%3A300%3Anormal&#8221; text=&#8221;Goodies&#8221; max_width=&#8221;470px&#8221;][\/vc_column_inner][vc_column_inner width=&#8221;2\/3&#8243;][vc_column_text]Wir sind bem\u00fcht kleinere und gr\u00f6ssere besondere Geschenke f\u00fcr Freiwillige aus den Vereinen und Organisationen zu organisieren.<br \/>\nVerg\u00fcnstigungen f\u00fcr Tickets wie Konzertkarten, Theaterauff\u00fchrungen etc. \u00fcber Benevol.ch k\u00f6nnen \u00fcber die NBHS bezogen werden.<br \/>\nF\u00fcr die Goodies gilt; \u201es\u2019h\u00e4t solangs h\u00e4t\u201c und wer zuerst kommt mahlt zuerst. Freiwillige Helfer werden jeweils per Mail \u00fcber zur Verf\u00fcgung stehende Goodies informiert.[\/vc_column_text][\/vc_column_inner][\/vc_row_inner][tm_spacer size=&#8221;lg:20&#8243;][vc_row_inner][vc_column_inner width=&#8221;1\/3&#8243;][tm_heading custom_google_font=&#8221;&#8221; google_fonts=&#8221;font_family:Open%20Sans%3A300%2C300italic%2Cregular%2Citalic%2C600%2C600italic%2C700%2C700italic%2C800%2C800italic|font_style:300%20light%20regular%3A300%3Anormal&#8221; text=&#8221;Veranstaltungen&#8221; max_width=&#8221;470px&#8221;][\/vc_column_inner][vc_column_inner width=&#8221;2\/3&#8243;][vc_column_text]Veranstaltungen werden auf der Homepage unter <a href=\"https:\/\/nbhs.ch\/de\/veranstaltungen\/\">Veranstaltungen<\/a> ver\u00f6ffentlicht.[\/vc_column_text][\/vc_column_inner][\/vc_row_inner][tm_spacer size=&#8221;lg:20&#8243;][vc_row_inner][vc_column_inner width=&#8221;1\/3&#8243;][tm_heading custom_google_font=&#8221;&#8221; google_fonts=&#8221;font_family:Open%20Sans%3A300%2C300italic%2Cregular%2Citalic%2C600%2C600italic%2C700%2C700italic%2C800%2C800italic|font_style:300%20light%20regular%3A300%3Anormal&#8221; text=&#8221;Weiterbildungen&#8221; max_width=&#8221;470px&#8221;][\/vc_column_inner][vc_column_inner width=&#8221;2\/3&#8243;][vc_column_text]Die freiwillig engagierten Mitglieder, werden per Mail \u00fcber Weiterbildungsm\u00f6glichkeiten informiert.[\/vc_column_text][\/vc_column_inner][\/vc_row_inner][tm_spacer size=&#8221;lg:20&#8243;][\/vc_column][\/vc_row]<\/p>\n","protected":false},"excerpt":{"rendered":"<p>[vc_row full_width=&#8221;stretch_row&#8221; background_color=&#8221;custom&#8221; custom_background_color=&#8221;#f7f7f7&#8243; gutter=&#8221;xs:30;sm:50;md:80;lg:100&#8243; lg_spacing=&#8221;padding_top:140&#8243;][vc_column][tm_heading custom_google_font=&#8221;&#8221; google_fonts=&#8221;font_family:Open%20Sans%3A300%2C300italic%2Cregular%2Citalic%2C600%2C600italic%2C700%2C700italic%2C800%2C800italic|font_style:300%20light%20regular%3A300%3Anormal&#8221; text=&#8221;Entsch\u00e4digungskonzept&#8221; max_width=&#8221;470px&#8221;][tm_spacer size=&#8221;lg:30&#8243;][tm_heading tag=&#8221;div&#8221; custom_google_font=&#8221;&#8221; text=&#8221;Mitglieder NBHS profitieren von unserem Entsch\u00e4digungskonzept, wenn sie Freiwilligenarbeit geleistet haben.&#8221; font_size=&#8221;lg:18&#8243;][tm_spacer size=&#8221;lg:30&#8243;][vc_row_inner][vc_column_inner width=&#8221;1\/3&#8243;][tm_heading custom_google_font=&#8221;&#8221; google_fonts=&#8221;font_family:Open%20Sans%3A300%2C300italic%2Cregular%2Citalic%2C600%2C600italic%2C700%2C700italic%2C800%2C800italic|font_style:300%20light%20regular%3A300%3Anormal&#8221; text=&#8221;T\u00e4tigkeitsnachweis&#8221; max_width=&#8221;470px&#8221;][\/vc_column_inner][vc_column_inner width=&#8221;2\/3&#8243;][vc_column_text]Der T\u00e4tigkeitsnachweis ist eine Form der Anerkennung und bescheinigt die Freiwilligenarbeit. Er wird auf verlangen dokumentiert.[\/vc_column_text][\/vc_column_inner][\/vc_row_inner][tm_spacer size=&#8221;lg:20&#8243;][vc_row_inner][vc_column_inner width=&#8221;1\/3&#8243;][tm_heading custom_google_font=&#8221;&#8221; google_fonts=&#8221;font_family:Open%20Sans%3A300%2C300italic%2Cregular%2Citalic%2C600%2C600italic%2C700%2C700italic%2C800%2C800italic|font_style:300%20light%20regular%3A300%3Anormal&#8221; text=&#8221;Dossier freiwillig Engagiert&#8221; max_width=&#8221;470px&#8221;][\/vc_column_inner][vc_column_inner width=&#8221;2\/3&#8243;][vc_column_text]Das gesamte Dossier ist eine Umschlagmappe mit drei Inhaltsbl\u00e4ttern. Nachweis f\u00fcr freiwilliges und ehrenamtliches Engagement \u00dcbersicht geleistete Freiwilligeneins\u00e4tze \u00dcbersicht Weiterbildungen, Kurse. Die Umschlagmappe dient zur Aufbewahrung und stellt mit ihrer repr\u00e4sentativen Form eine Anerkennung dar. Das Dossier FREIWILLIG ENGAGIERT ist eine Form der Anerkennung und bescheinigt die Freiwilligenarbeit. Dieses wird auf verlangen dokumentiert. [\/vc_column_text][\/vc_column_inner][\/vc_row_inner][tm_spacer size=&#8221;lg:20&#8243;][vc_row_inner][vc_column_inner width=&#8221;1\/3&#8243;][tm_heading custom_google_font=&#8221;&#8221; google_fonts=&#8221;font_family:Open%20Sans%3A300%2C300italic%2Cregular%2Citalic%2C600%2C600italic%2C700%2C700italic%2C800%2C800italic|font_style:300%20light%20regular%3A300%3Anormal&#8221; text=&#8221;Goodies&#8221; max_width=&#8221;470px&#8221;][\/vc_column_inner][vc_column_inner width=&#8221;2\/3&#8243;][vc_column_text]Wir sind bem\u00fcht kleinere und gr\u00f6ssere besondere Geschenke f\u00fcr Freiwillige aus den Vereinen und Organisationen zu organisieren. Verg\u00fcnstigungen f\u00fcr Tickets wie Konzertkarten, Theaterauff\u00fchrungen etc. \u00fcber Benevol.ch k\u00f6nnen \u00fcber die NBHS bezogen werden. F\u00fcr die Goodies gilt; \u201es\u2019h\u00e4t solangs h\u00e4t\u201c und wer zuerst kommt mahlt zuerst. Freiwillige Helfer werden jeweils per Mail \u00fcber zur Verf\u00fcgung stehende Goodies informiert.[\/vc_column_text][\/vc_column_inner][\/vc_row_inner][tm_spacer size=&#8221;lg:20&#8243;][vc_row_inner][vc_column_inner width=&#8221;1\/3&#8243;][tm_heading custom_google_font=&#8221;&#8221; google_fonts=&#8221;font_family:Open%20Sans%3A300%2C300italic%2Cregular%2Citalic%2C600%2C600italic%2C700%2C700italic%2C800%2C800italic|font_style:300%20light%20regular%3A300%3Anormal&#8221; text=&#8221;Veranstaltungen&#8221; max_width=&#8221;470px&#8221;][\/vc_column_inner][vc_column_inner width=&#8221;2\/3&#8243;][vc_column_text]Veranstaltungen werden auf der Homepage unter Veranstaltungen ver\u00f6ffentlicht.[\/vc_column_text][\/vc_column_inner][\/vc_row_inner][tm_spacer size=&#8221;lg:20&#8243;][vc_row_inner][vc_column_inner width=&#8221;1\/3&#8243;][tm_heading custom_google_font=&#8221;&#8221; google_fonts=&#8221;font_family:Open%20Sans%3A300%2C300italic%2Cregular%2Citalic%2C600%2C600italic%2C700%2C700italic%2C800%2C800italic|font_style:300%20light%20regular%3A300%3Anormal&#8221; text=&#8221;Weiterbildungen&#8221; max_width=&#8221;470px&#8221;][\/vc_column_inner][vc_column_inner width=&#8221;2\/3&#8243;][vc_column_text]Die freiwillig engagierten Mitglieder, werden per Mail \u00fcber Weiterbildungsm\u00f6glichkeiten informiert.[\/vc_column_text][\/vc_column_inner][\/vc_row_inner][tm_spacer size=&#8221;lg:20&#8243;][\/vc_column][\/vc_row]<\/p>\n","protected":false},"author":1,"featured_media":0,"parent":0,"menu_order":0,"comment_status":"closed","ping_status":"closed","template":"","meta":{"footnotes":""},"class_list":["post-2181","page","type-page","status-publish","hentry"],"acf":[],"yoast_head":"<!-- This site is optimized with the Yoast SEO plugin v20.4 - https:\/\/yoast.com\/wordpress\/plugins\/seo\/ -->\n<title>Entsch\u00e4digungskonzept - Nachbarschaftshilfe See<\/title>\n<meta name=\"robots\" content=\"index, follow, max-snippet:-1, max-image-preview:large, max-video-preview:-1\" \/>\n<link rel=\"canonical\" href=\"https:\/\/www.nbhs.ch\/de\/entschaedigungskonzept\/\" \/>\n<meta property=\"og:locale\" content=\"de_DE\" \/>\n<meta property=\"og:type\" content=\"article\" \/>\n<meta property=\"og:title\" content=\"Entsch\u00e4digungskonzept - Nachbarschaftshilfe See\" \/>\n<meta property=\"og:description\" content=\"[vc_row full_width=&#8221;stretch_row&#8221; background_color=&#8221;custom&#8221; custom_background_color=&#8221;#f7f7f7&#8243; gutter=&#8221;xs:30;sm:50;md:80;lg:100&#8243; lg_spacing=&#8221;padding_top:140&#8243;][vc_column][tm_heading custom_google_font=&#8221;&#8221; google_fonts=&#8221;font_family:Open%20Sans%3A300%2C300italic%2Cregular%2Citalic%2C600%2C600italic%2C700%2C700italic%2C800%2C800italic|font_style:300%20light%20regular%3A300%3Anormal&#8221; text=&#8221;Entsch\u00e4digungskonzept&#8221; max_width=&#8221;470px&#8221;][tm_spacer size=&#8221;lg:30&#8243;][tm_heading tag=&#8221;div&#8221; custom_google_font=&#8221;&#8221; text=&#8221;Mitglieder NBHS profitieren von unserem Entsch\u00e4digungskonzept, wenn sie Freiwilligenarbeit geleistet haben.&#8221; font_size=&#8221;lg:18&#8243;][tm_spacer size=&#8221;lg:30&#8243;][vc_row_inner][vc_column_inner width=&#8221;1\/3&#8243;][tm_heading custom_google_font=&#8221;&#8221; google_fonts=&#8221;font_family:Open%20Sans%3A300%2C300italic%2Cregular%2Citalic%2C600%2C600italic%2C700%2C700italic%2C800%2C800italic|font_style:300%20light%20regular%3A300%3Anormal&#8221; text=&#8221;T\u00e4tigkeitsnachweis&#8221; max_width=&#8221;470px&#8221;][\/vc_column_inner][vc_column_inner width=&#8221;2\/3&#8243;][vc_column_text]Der T\u00e4tigkeitsnachweis ist eine Form der Anerkennung und bescheinigt die Freiwilligenarbeit. Er wird auf verlangen dokumentiert.[\/vc_column_text][\/vc_column_inner][\/vc_row_inner][tm_spacer size=&#8221;lg:20&#8243;][vc_row_inner][vc_column_inner width=&#8221;1\/3&#8243;][tm_heading custom_google_font=&#8221;&#8221; google_fonts=&#8221;font_family:Open%20Sans%3A300%2C300italic%2Cregular%2Citalic%2C600%2C600italic%2C700%2C700italic%2C800%2C800italic|font_style:300%20light%20regular%3A300%3Anormal&#8221; text=&#8221;Dossier freiwillig Engagiert&#8221; max_width=&#8221;470px&#8221;][\/vc_column_inner][vc_column_inner width=&#8221;2\/3&#8243;][vc_column_text]Das gesamte Dossier ist eine Umschlagmappe mit drei Inhaltsbl\u00e4ttern. Nachweis f\u00fcr freiwilliges und ehrenamtliches Engagement \u00dcbersicht geleistete Freiwilligeneins\u00e4tze \u00dcbersicht Weiterbildungen, Kurse. Die Umschlagmappe dient zur Aufbewahrung und stellt mit ihrer repr\u00e4sentativen Form eine Anerkennung dar. Das Dossier FREIWILLIG ENGAGIERT ist eine Form der Anerkennung und bescheinigt die Freiwilligenarbeit. Dieses wird auf verlangen dokumentiert. [\/vc_column_text][\/vc_column_inner][\/vc_row_inner][tm_spacer size=&#8221;lg:20&#8243;][vc_row_inner][vc_column_inner width=&#8221;1\/3&#8243;][tm_heading custom_google_font=&#8221;&#8221; google_fonts=&#8221;font_family:Open%20Sans%3A300%2C300italic%2Cregular%2Citalic%2C600%2C600italic%2C700%2C700italic%2C800%2C800italic|font_style:300%20light%20regular%3A300%3Anormal&#8221; text=&#8221;Goodies&#8221; max_width=&#8221;470px&#8221;][\/vc_column_inner][vc_column_inner width=&#8221;2\/3&#8243;][vc_column_text]Wir sind bem\u00fcht kleinere und gr\u00f6ssere besondere Geschenke f\u00fcr Freiwillige aus den Vereinen und Organisationen zu organisieren. Verg\u00fcnstigungen f\u00fcr Tickets wie Konzertkarten, Theaterauff\u00fchrungen etc. \u00fcber Benevol.ch k\u00f6nnen \u00fcber die NBHS bezogen werden. F\u00fcr die Goodies gilt; \u201es\u2019h\u00e4t solangs h\u00e4t\u201c und wer zuerst kommt mahlt zuerst. Freiwillige Helfer werden jeweils per Mail \u00fcber zur Verf\u00fcgung stehende Goodies informiert.[\/vc_column_text][\/vc_column_inner][\/vc_row_inner][tm_spacer size=&#8221;lg:20&#8243;][vc_row_inner][vc_column_inner width=&#8221;1\/3&#8243;][tm_heading custom_google_font=&#8221;&#8221; google_fonts=&#8221;font_family:Open%20Sans%3A300%2C300italic%2Cregular%2Citalic%2C600%2C600italic%2C700%2C700italic%2C800%2C800italic|font_style:300%20light%20regular%3A300%3Anormal&#8221; text=&#8221;Veranstaltungen&#8221; max_width=&#8221;470px&#8221;][\/vc_column_inner][vc_column_inner width=&#8221;2\/3&#8243;][vc_column_text]Veranstaltungen werden auf der Homepage unter Veranstaltungen ver\u00f6ffentlicht.[\/vc_column_text][\/vc_column_inner][\/vc_row_inner][tm_spacer size=&#8221;lg:20&#8243;][vc_row_inner][vc_column_inner width=&#8221;1\/3&#8243;][tm_heading custom_google_font=&#8221;&#8221; google_fonts=&#8221;font_family:Open%20Sans%3A300%2C300italic%2Cregular%2Citalic%2C600%2C600italic%2C700%2C700italic%2C800%2C800italic|font_style:300%20light%20regular%3A300%3Anormal&#8221; text=&#8221;Weiterbildungen&#8221; max_width=&#8221;470px&#8221;][\/vc_column_inner][vc_column_inner width=&#8221;2\/3&#8243;][vc_column_text]Die freiwillig engagierten Mitglieder, werden per Mail \u00fcber Weiterbildungsm\u00f6glichkeiten informiert.[\/vc_column_text][\/vc_column_inner][\/vc_row_inner][tm_spacer size=&#8221;lg:20&#8243;][\/vc_column][\/vc_row]\" \/>\n<meta property=\"og:url\" content=\"https:\/\/www.nbhs.ch\/de\/entschaedigungskonzept\/\" \/>\n<meta property=\"og:site_name\" content=\"Nachbarschaftshilfe See\" \/>\n<meta property=\"article:modified_time\" content=\"2022-07-29T07:27:55+00:00\" \/>\n<meta name=\"twitter:card\" content=\"summary_large_image\" \/>\n<meta name=\"twitter:label1\" content=\"Gesch\u00e4tzte Lesezeit\" \/>\n\t<meta name=\"twitter:data1\" content=\"3\u00a0Minuten\" \/>\n<script type=\"application\/ld+json\" class=\"yoast-schema-graph\">{\"@context\":\"https:\/\/schema.org\",\"@graph\":[{\"@type\":\"WebPage\",\"@id\":\"https:\/\/www.nbhs.ch\/de\/entschaedigungskonzept\/\",\"url\":\"https:\/\/www.nbhs.ch\/de\/entschaedigungskonzept\/\",\"name\":\"Entsch\u00e4digungskonzept - Nachbarschaftshilfe See\",\"isPartOf\":{\"@id\":\"https:\/\/www.nbhs.ch\/de\/#website\"},\"datePublished\":\"2019-03-13T09:43:31+00:00\",\"dateModified\":\"2022-07-29T07:27:55+00:00\",\"breadcrumb\":{\"@id\":\"https:\/\/www.nbhs.ch\/de\/entschaedigungskonzept\/#breadcrumb\"},\"inLanguage\":\"de\",\"potentialAction\":[{\"@type\":\"ReadAction\",\"target\":[\"https:\/\/www.nbhs.ch\/de\/entschaedigungskonzept\/\"]}]},{\"@type\":\"BreadcrumbList\",\"@id\":\"https:\/\/www.nbhs.ch\/de\/entschaedigungskonzept\/#breadcrumb\",\"itemListElement\":[{\"@type\":\"ListItem\",\"position\":1,\"name\":\"Startseite\",\"item\":\"https:\/\/www.nbhs.ch\/de\/\"},{\"@type\":\"ListItem\",\"position\":2,\"name\":\"Entsch\u00e4digungskonzept\"}]},{\"@type\":\"WebSite\",\"@id\":\"https:\/\/www.nbhs.ch\/de\/#website\",\"url\":\"https:\/\/www.nbhs.ch\/de\/\",\"name\":\"Nachbarschaftshilfe See\",\"description\":\"Dein Engagement z\u00e4hlt\",\"potentialAction\":[{\"@type\":\"SearchAction\",\"target\":{\"@type\":\"EntryPoint\",\"urlTemplate\":\"https:\/\/www.nbhs.ch\/de\/?s={search_term_string}\"},\"query-input\":\"required name=search_term_string\"}],\"inLanguage\":\"de\"}]}<\/script>\n<!-- \/ Yoast SEO plugin. -->","yoast_head_json":{"title":"Entsch\u00e4digungskonzept - Nachbarschaftshilfe See","robots":{"index":"index","follow":"follow","max-snippet":"max-snippet:-1","max-image-preview":"max-image-preview:large","max-video-preview":"max-video-preview:-1"},"canonical":"https:\/\/www.nbhs.ch\/de\/entschaedigungskonzept\/","og_locale":"de_DE","og_type":"article","og_title":"Entsch\u00e4digungskonzept - Nachbarschaftshilfe See","og_description":"[vc_row full_width=&#8221;stretch_row&#8221; background_color=&#8221;custom&#8221; custom_background_color=&#8221;#f7f7f7&#8243; gutter=&#8221;xs:30;sm:50;md:80;lg:100&#8243; lg_spacing=&#8221;padding_top:140&#8243;][vc_column][tm_heading custom_google_font=&#8221;&#8221; google_fonts=&#8221;font_family:Open%20Sans%3A300%2C300italic%2Cregular%2Citalic%2C600%2C600italic%2C700%2C700italic%2C800%2C800italic|font_style:300%20light%20regular%3A300%3Anormal&#8221; text=&#8221;Entsch\u00e4digungskonzept&#8221; max_width=&#8221;470px&#8221;][tm_spacer size=&#8221;lg:30&#8243;][tm_heading tag=&#8221;div&#8221; custom_google_font=&#8221;&#8221; text=&#8221;Mitglieder NBHS profitieren von unserem Entsch\u00e4digungskonzept, wenn sie Freiwilligenarbeit geleistet haben.&#8221; font_size=&#8221;lg:18&#8243;][tm_spacer size=&#8221;lg:30&#8243;][vc_row_inner][vc_column_inner width=&#8221;1\/3&#8243;][tm_heading custom_google_font=&#8221;&#8221; google_fonts=&#8221;font_family:Open%20Sans%3A300%2C300italic%2Cregular%2Citalic%2C600%2C600italic%2C700%2C700italic%2C800%2C800italic|font_style:300%20light%20regular%3A300%3Anormal&#8221; text=&#8221;T\u00e4tigkeitsnachweis&#8221; max_width=&#8221;470px&#8221;][\/vc_column_inner][vc_column_inner width=&#8221;2\/3&#8243;][vc_column_text]Der T\u00e4tigkeitsnachweis ist eine Form der Anerkennung und bescheinigt die Freiwilligenarbeit. Er wird auf verlangen dokumentiert.[\/vc_column_text][\/vc_column_inner][\/vc_row_inner][tm_spacer size=&#8221;lg:20&#8243;][vc_row_inner][vc_column_inner width=&#8221;1\/3&#8243;][tm_heading custom_google_font=&#8221;&#8221; google_fonts=&#8221;font_family:Open%20Sans%3A300%2C300italic%2Cregular%2Citalic%2C600%2C600italic%2C700%2C700italic%2C800%2C800italic|font_style:300%20light%20regular%3A300%3Anormal&#8221; text=&#8221;Dossier freiwillig Engagiert&#8221; max_width=&#8221;470px&#8221;][\/vc_column_inner][vc_column_inner width=&#8221;2\/3&#8243;][vc_column_text]Das gesamte Dossier ist eine Umschlagmappe mit drei Inhaltsbl\u00e4ttern. Nachweis f\u00fcr freiwilliges und ehrenamtliches Engagement \u00dcbersicht geleistete Freiwilligeneins\u00e4tze \u00dcbersicht Weiterbildungen, Kurse. Die Umschlagmappe dient zur Aufbewahrung und stellt mit ihrer repr\u00e4sentativen Form eine Anerkennung dar. Das Dossier FREIWILLIG ENGAGIERT ist eine Form der Anerkennung und bescheinigt die Freiwilligenarbeit. Dieses wird auf verlangen dokumentiert. [\/vc_column_text][\/vc_column_inner][\/vc_row_inner][tm_spacer size=&#8221;lg:20&#8243;][vc_row_inner][vc_column_inner width=&#8221;1\/3&#8243;][tm_heading custom_google_font=&#8221;&#8221; google_fonts=&#8221;font_family:Open%20Sans%3A300%2C300italic%2Cregular%2Citalic%2C600%2C600italic%2C700%2C700italic%2C800%2C800italic|font_style:300%20light%20regular%3A300%3Anormal&#8221; text=&#8221;Goodies&#8221; max_width=&#8221;470px&#8221;][\/vc_column_inner][vc_column_inner width=&#8221;2\/3&#8243;][vc_column_text]Wir sind bem\u00fcht kleinere und gr\u00f6ssere besondere Geschenke f\u00fcr Freiwillige aus den Vereinen und Organisationen zu organisieren. Verg\u00fcnstigungen f\u00fcr Tickets wie Konzertkarten, Theaterauff\u00fchrungen etc. \u00fcber Benevol.ch k\u00f6nnen \u00fcber die NBHS bezogen werden. F\u00fcr die Goodies gilt; \u201es\u2019h\u00e4t solangs h\u00e4t\u201c und wer zuerst kommt mahlt zuerst. Freiwillige Helfer werden jeweils per Mail \u00fcber zur Verf\u00fcgung stehende Goodies informiert.[\/vc_column_text][\/vc_column_inner][\/vc_row_inner][tm_spacer size=&#8221;lg:20&#8243;][vc_row_inner][vc_column_inner width=&#8221;1\/3&#8243;][tm_heading custom_google_font=&#8221;&#8221; google_fonts=&#8221;font_family:Open%20Sans%3A300%2C300italic%2Cregular%2Citalic%2C600%2C600italic%2C700%2C700italic%2C800%2C800italic|font_style:300%20light%20regular%3A300%3Anormal&#8221; text=&#8221;Veranstaltungen&#8221; max_width=&#8221;470px&#8221;][\/vc_column_inner][vc_column_inner width=&#8221;2\/3&#8243;][vc_column_text]Veranstaltungen werden auf der Homepage unter Veranstaltungen ver\u00f6ffentlicht.[\/vc_column_text][\/vc_column_inner][\/vc_row_inner][tm_spacer size=&#8221;lg:20&#8243;][vc_row_inner][vc_column_inner width=&#8221;1\/3&#8243;][tm_heading custom_google_font=&#8221;&#8221; google_fonts=&#8221;font_family:Open%20Sans%3A300%2C300italic%2Cregular%2Citalic%2C600%2C600italic%2C700%2C700italic%2C800%2C800italic|font_style:300%20light%20regular%3A300%3Anormal&#8221; text=&#8221;Weiterbildungen&#8221; max_width=&#8221;470px&#8221;][\/vc_column_inner][vc_column_inner width=&#8221;2\/3&#8243;][vc_column_text]Die freiwillig engagierten Mitglieder, werden per Mail \u00fcber Weiterbildungsm\u00f6glichkeiten informiert.[\/vc_column_text][\/vc_column_inner][\/vc_row_inner][tm_spacer size=&#8221;lg:20&#8243;][\/vc_column][\/vc_row]","og_url":"https:\/\/www.nbhs.ch\/de\/entschaedigungskonzept\/","og_site_name":"Nachbarschaftshilfe See","article_modified_time":"2022-07-29T07:27:55+00:00","twitter_card":"summary_large_image","twitter_misc":{"Gesch\u00e4tzte Lesezeit":"3\u00a0Minuten"},"schema":{"@context":"https:\/\/schema.org","@graph":[{"@type":"WebPage","@id":"https:\/\/www.nbhs.ch\/de\/entschaedigungskonzept\/","url":"https:\/\/www.nbhs.ch\/de\/entschaedigungskonzept\/","name":"Entsch\u00e4digungskonzept - Nachbarschaftshilfe See","isPartOf":{"@id":"https:\/\/www.nbhs.ch\/de\/#website"},"datePublished":"2019-03-13T09:43:31+00:00","dateModified":"2022-07-29T07:27:55+00:00","breadcrumb":{"@id":"https:\/\/www.nbhs.ch\/de\/entschaedigungskonzept\/#breadcrumb"},"inLanguage":"de","potentialAction":[{"@type":"ReadAction","target":["https:\/\/www.nbhs.ch\/de\/entschaedigungskonzept\/"]}]},{"@type":"BreadcrumbList","@id":"https:\/\/www.nbhs.ch\/de\/entschaedigungskonzept\/#breadcrumb","itemListElement":[{"@type":"ListItem","position":1,"name":"Startseite","item":"https:\/\/www.nbhs.ch\/de\/"},{"@type":"ListItem","position":2,"name":"Entsch\u00e4digungskonzept"}]},{"@type":"WebSite","@id":"https:\/\/www.nbhs.ch\/de\/#website","url":"https:\/\/www.nbhs.ch\/de\/","name":"Nachbarschaftshilfe See","description":"Dein Engagement z\u00e4hlt","potentialAction":[{"@type":"SearchAction","target":{"@type":"EntryPoint","urlTemplate":"https:\/\/www.nbhs.ch\/de\/?s={search_term_string}"},"query-input":"required name=search_term_string"}],"inLanguage":"de"}]}},"_links":{"self":[{"href":"https:\/\/www.nbhs.ch\/de\/wp-json\/wp\/v2\/pages\/2181\/"}],"collection":[{"href":"https:\/\/www.nbhs.ch\/de\/wp-json\/wp\/v2\/pages\/"}],"about":[{"href":"https:\/\/www.nbhs.ch\/de\/wp-json\/wp\/v2\/types\/page\/"}],"author":[{"embeddable":true,"href":"https:\/\/www.nbhs.ch\/de\/wp-json\/wp\/v2\/users\/1\/"}],"replies":[{"embeddable":true,"href":"https:\/\/www.nbhs.ch\/de\/wp-json\/wp\/v2\/comments\/?post=2181"}],"version-history":[{"count":21,"href":"https:\/\/www.nbhs.ch\/de\/wp-json\/wp\/v2\/pages\/2181\/revisions\/"}],"predecessor-version":[{"id":3397,"href":"https:\/\/www.nbhs.ch\/de\/wp-json\/wp\/v2\/pages\/2181\/revisions\/3397\/"}],"wp:attachment":[{"href":"https:\/\/www.nbhs.ch\/de\/wp-json\/wp\/v2\/media\/?parent=2181"}],"curies":[{"name":"wp","href":"https:\/\/api.w.org\/{rel}","templated":true}]}}